{"id":24,"date":"2022-08-19T22:51:23","date_gmt":"2022-08-19T20:51:23","guid":{"rendered":"http:\/\/hhykart.cluster030.hosting.ovh.net\/?page_id=24"},"modified":"2022-10-29T01:04:52","modified_gmt":"2022-10-28T23:04:52","slug":"gallerie","status":"publish","type":"page","link":"https:\/\/mellesue.com\/index.php\/gallerie\/","title":{"rendered":"Gallerie"},"content":{"rendered":"\t\t<div data-elementor-type=\"wp-page\" data-elementor-id=\"24\" class=\"elementor elementor-24\">\n\t\t\t\t\t\t\t<div class=\"elementor-element elementor-element-5724aac e-flex e-con-boxed e-con e-parent\" data-id=\"5724aac\" data-element_type=\"container\" data-settings=\"{&quot;content_width&quot;:&quot;boxed&quot;}\" data-core-v316-plus=\"true\">\n\t\t\t\t\t<div class=\"e-con-inner\">\n\t\t\t\t\t<\/div>\n\t\t\t\t<\/div>\n\t\t<div class=\"elementor-element elementor-element-92e2f89 e-flex e-con-boxed e-con e-parent\" data-id=\"92e2f89\" data-element_type=\"container\" data-settings=\"{&quot;content_width&quot;:&quot;boxed&quot;}\" data-core-v316-plus=\"true\">\n\t\t\t\t\t<div class=\"e-con-inner\">\n\t\t<div class=\"elementor-element elementor-element-5d82d0b e-flex e-con-boxed e-con e-parent\" data-id=\"5d82d0b\" data-element_type=\"container\" data-settings=\"{&quot;content_width&quot;:&quot;boxed&quot;}\" data-core-v316-plus=\"true\">\n\t\t\t\t\t<div class=\"e-con-inner\">\n\t\t\t\t<div class=\"elementor-element elementor-element-01667a3 elementor-widget elementor-widget-image\" data-id=\"01667a3\" data-element_type=\"widget\" data-widget_type=\"image.default\">\n\t\t\t\t<div class=\"elementor-widget-container\">\n\t\t\t<style>\/*! elementor - v3.16.0 - 20-09-2023 *\/\n.elementor-widget-image{text-align:center}.elementor-widget-image a{display:inline-block}.elementor-widget-image a img[src$=\".svg\"]{width:48px}.elementor-widget-image img{vertical-align:middle;display:inline-block}<\/style>\t\t\t\t\t\t\t\t\t<figure class=\"wp-caption\">\n\t\t\t\t\t\t\t\t\t\t\t<a href=\"https:\/\/mellesue.com\/index.php\/illustrations-traditionnelles\">\n\t\t\t\t\t\t\t<img loading=\"lazy\" decoding=\"async\" width=\"1000\" height=\"1000\" src=\"https:\/\/mellesue.com\/wp-content\/uploads\/2022\/09\/icones-gallerieillustrationtraditionnellev2.png\" class=\"elementor-animation-grow attachment-large size-large wp-image-402\" alt=\"\" srcset=\"https:\/\/mellesue.com\/wp-content\/uploads\/2022\/09\/icones-gallerieillustrationtraditionnellev2.png 1000w, https:\/\/mellesue.com\/wp-content\/uploads\/2022\/09\/icones-gallerieillustrationtraditionnellev2-300x300.png 300w, https:\/\/mellesue.com\/wp-content\/uploads\/2022\/09\/icones-gallerieillustrationtraditionnellev2-100x100.png 100w, https:\/\/mellesue.com\/wp-content\/uploads\/2022\/09\/icones-gallerieillustrationtraditionnellev2-600x600.png 600w, https:\/\/mellesue.com\/wp-content\/uploads\/2022\/09\/icones-gallerieillustrationtraditionnellev2-150x150.png 150w, https:\/\/mellesue.com\/wp-content\/uploads\/2022\/09\/icones-gallerieillustrationtraditionnellev2-768x768.png 768w\" sizes=\"auto, (max-width: 1000px) 100vw, 1000px\" \/>\t\t\t\t\t\t\t\t<\/a>\n\t\t\t\t\t\t\t\t\t\t\t<figcaption class=\"widget-image-caption wp-caption-text\">ILLUSTRATIONS TRADITIONNELLES<\/figcaption>\n\t\t\t\t\t\t\t\t\t\t<\/figure>\n\t\t\t\t\t\t\t\t\t<\/div>\n\t\t\t\t<\/div>\n\t\t\t\t\t<\/div>\n\t\t\t\t<\/div>\n\t\t<div class=\"elementor-element elementor-element-1c2be58 e-flex e-con-boxed e-con e-parent\" data-id=\"1c2be58\" data-element_type=\"container\" data-settings=\"{&quot;content_width&quot;:&quot;boxed&quot;}\" data-core-v316-plus=\"true\">\n\t\t\t\t\t<div class=\"e-con-inner\">\n\t\t\t\t<div class=\"elementor-element elementor-element-dcf6942 elementor-widget elementor-widget-image\" data-id=\"dcf6942\" data-element_type=\"widget\" data-widget_type=\"image.default\">\n\t\t\t\t<div class=\"elementor-widget-container\">\n\t\t\t\t\t\t\t\t\t\t\t\t<figure class=\"wp-caption\">\n\t\t\t\t\t\t\t\t\t\t\t<a href=\"https:\/\/mellesue.com\/index.php\/illustrations-numeriques\">\n\t\t\t\t\t\t\t<img loading=\"lazy\" decoding=\"async\" width=\"1000\" height=\"1000\" src=\"https:\/\/mellesue.com\/wp-content\/uploads\/2022\/09\/icones-gallerieillustrationnumerique.png\" class=\"elementor-animation-grow attachment-large size-large wp-image-400\" alt=\"\" srcset=\"https:\/\/mellesue.com\/wp-content\/uploads\/2022\/09\/icones-gallerieillustrationnumerique.png 1000w, https:\/\/mellesue.com\/wp-content\/uploads\/2022\/09\/icones-gallerieillustrationnumerique-300x300.png 300w, https:\/\/mellesue.com\/wp-content\/uploads\/2022\/09\/icones-gallerieillustrationnumerique-100x100.png 100w, https:\/\/mellesue.com\/wp-content\/uploads\/2022\/09\/icones-gallerieillustrationnumerique-600x600.png 600w, https:\/\/mellesue.com\/wp-content\/uploads\/2022\/09\/icones-gallerieillustrationnumerique-150x150.png 150w, https:\/\/mellesue.com\/wp-content\/uploads\/2022\/09\/icones-gallerieillustrationnumerique-768x768.png 768w\" sizes=\"auto, (max-width: 1000px) 100vw, 1000px\" \/>\t\t\t\t\t\t\t\t<\/a>\n\t\t\t\t\t\t\t\t\t\t\t<figcaption class=\"widget-image-caption wp-caption-text\">ILLUSTRATIONS NUM\u00c9RIQUES<\/figcaption>\n\t\t\t\t\t\t\t\t\t\t<\/figure>\n\t\t\t\t\t\t\t\t\t<\/div>\n\t\t\t\t<\/div>\n\t\t\t\t\t<\/div>\n\t\t\t\t<\/div>\n\t\t<div class=\"elementor-element elementor-element-dfc2952 e-flex e-con-boxed e-con e-parent\" data-id=\"dfc2952\" data-element_type=\"container\" data-settings=\"{&quot;content_width&quot;:&quot;boxed&quot;}\" data-core-v316-plus=\"true\">\n\t\t\t\t\t<div class=\"e-con-inner\">\n\t\t\t\t<div class=\"elementor-element elementor-element-da3a5b8 elementor-widget elementor-widget-image\" data-id=\"da3a5b8\" data-element_type=\"widget\" data-widget_type=\"image.default\">\n\t\t\t\t<div class=\"elementor-widget-container\">\n\t\t\t\t\t\t\t\t\t\t\t\t<figure class=\"wp-caption\">\n\t\t\t\t\t\t\t\t\t\t\t<a href=\"https:\/\/mellesue.com\/index.php\/videos\/\">\n\t\t\t\t\t\t\t<img loading=\"lazy\" decoding=\"async\" width=\"1000\" height=\"1000\" src=\"https:\/\/mellesue.com\/wp-content\/uploads\/2022\/09\/icones-gallerievideo.png\" class=\"elementor-animation-grow attachment-large size-large wp-image-403\" alt=\"\" srcset=\"https:\/\/mellesue.com\/wp-content\/uploads\/2022\/09\/icones-gallerievideo.png 1000w, https:\/\/mellesue.com\/wp-content\/uploads\/2022\/09\/icones-gallerievideo-300x300.png 300w, https:\/\/mellesue.com\/wp-content\/uploads\/2022\/09\/icones-gallerievideo-100x100.png 100w, https:\/\/mellesue.com\/wp-content\/uploads\/2022\/09\/icones-gallerievideo-600x600.png 600w, https:\/\/mellesue.com\/wp-content\/uploads\/2022\/09\/icones-gallerievideo-150x150.png 150w, https:\/\/mellesue.com\/wp-content\/uploads\/2022\/09\/icones-gallerievideo-768x768.png 768w\" sizes=\"auto, (max-width: 1000px) 100vw, 1000px\" \/>\t\t\t\t\t\t\t\t<\/a>\n\t\t\t\t\t\t\t\t\t\t\t<figcaption class=\"widget-image-caption wp-caption-text\">VID\u00c9OS    ___________________<\/figcaption>\n\t\t\t\t\t\t\t\t\t\t<\/figure>\n\t\t\t\t\t\t\t\t\t<\/div>\n\t\t\t\t<\/div>\n\t\t\t\t\t<\/div>\n\t\t\t\t<\/div>\n\t\t<div class=\"elementor-element elementor-element-8a34ed4 e-flex e-con-boxed e-con e-parent\" data-id=\"8a34ed4\" data-element_type=\"container\" data-settings=\"{&quot;content_width&quot;:&quot;boxed&quot;}\" data-core-v316-plus=\"true\">\n\t\t\t\t\t<div class=\"e-con-inner\">\n\t\t\t\t<div class=\"elementor-element elementor-element-1fa382b elementor-widget elementor-widget-image\" data-id=\"1fa382b\" data-element_type=\"widget\" data-widget_type=\"image.default\">\n\t\t\t\t<div class=\"elementor-widget-container\">\n\t\t\t\t\t\t\t\t\t\t\t\t<figure class=\"wp-caption\">\n\t\t\t\t\t\t\t\t\t\t\t<a href=\"https:\/\/mellesue.com\/index.php\/couture\/\">\n\t\t\t\t\t\t\t<img loading=\"lazy\" decoding=\"async\" width=\"1000\" height=\"1000\" src=\"https:\/\/mellesue.com\/wp-content\/uploads\/2022\/09\/icones-galleriecouture.png\" class=\"elementor-animation-grow attachment-large size-large wp-image-399\" alt=\"\" srcset=\"https:\/\/mellesue.com\/wp-content\/uploads\/2022\/09\/icones-galleriecouture.png 1000w, https:\/\/mellesue.com\/wp-content\/uploads\/2022\/09\/icones-galleriecouture-300x300.png 300w, https:\/\/mellesue.com\/wp-content\/uploads\/2022\/09\/icones-galleriecouture-100x100.png 100w, https:\/\/mellesue.com\/wp-content\/uploads\/2022\/09\/icones-galleriecouture-600x600.png 600w, https:\/\/mellesue.com\/wp-content\/uploads\/2022\/09\/icones-galleriecouture-150x150.png 150w, https:\/\/mellesue.com\/wp-content\/uploads\/2022\/09\/icones-galleriecouture-768x768.png 768w\" sizes=\"auto, (max-width: 1000px) 100vw, 1000px\" \/>\t\t\t\t\t\t\t\t<\/a>\n\t\t\t\t\t\t\t\t\t\t\t<figcaption class=\"widget-image-caption wp-caption-text\">COUTURE    ___________________<\/figcaption>\n\t\t\t\t\t\t\t\t\t\t<\/figure>\n\t\t\t\t\t\t\t\t\t<\/div>\n\t\t\t\t<\/div>\n\t\t\t\t\t<\/div>\n\t\t\t\t<\/div>\n\t\t<div class=\"elementor-element elementor-element-d07efa2 e-flex e-con-boxed e-con e-parent\" data-id=\"d07efa2\" data-element_type=\"container\" data-settings=\"{&quot;content_width&quot;:&quot;boxed&quot;}\" data-core-v316-plus=\"true\">\n\t\t\t\t\t<div class=\"e-con-inner\">\n\t\t\t\t<div class=\"elementor-element elementor-element-aecfec3 elementor-widget elementor-widget-image\" data-id=\"aecfec3\" data-element_type=\"widget\" data-widget_type=\"image.default\">\n\t\t\t\t<div class=\"elementor-widget-container\">\n\t\t\t\t\t\t\t\t\t\t\t\t<figure class=\"wp-caption\">\n\t\t\t\t\t\t\t\t\t\t\t<a href=\"https:\/\/mellesue.com\/index.php\/autrescreations\/\">\n\t\t\t\t\t\t\t<img loading=\"lazy\" decoding=\"async\" width=\"1000\" height=\"1000\" src=\"https:\/\/mellesue.com\/wp-content\/uploads\/2022\/09\/icones-gallerieautrev1.png\" class=\"elementor-animation-grow attachment-large size-large wp-image-397\" alt=\"\" srcset=\"https:\/\/mellesue.com\/wp-content\/uploads\/2022\/09\/icones-gallerieautrev1.png 1000w, https:\/\/mellesue.com\/wp-content\/uploads\/2022\/09\/icones-gallerieautrev1-300x300.png 300w, https:\/\/mellesue.com\/wp-content\/uploads\/2022\/09\/icones-gallerieautrev1-100x100.png 100w, https:\/\/mellesue.com\/wp-content\/uploads\/2022\/09\/icones-gallerieautrev1-600x600.png 600w, https:\/\/mellesue.com\/wp-content\/uploads\/2022\/09\/icones-gallerieautrev1-150x150.png 150w, https:\/\/mellesue.com\/wp-content\/uploads\/2022\/09\/icones-gallerieautrev1-768x768.png 768w\" sizes=\"auto, (max-width: 1000px) 100vw, 1000px\" \/>\t\t\t\t\t\t\t\t<\/a>\n\t\t\t\t\t\t\t\t\t\t\t<figcaption class=\"widget-image-caption wp-caption-text\">AUTRES CR\u00c9ATIONS    ___________________<\/figcaption>\n\t\t\t\t\t\t\t\t\t\t<\/figure>\n\t\t\t\t\t\t\t\t\t<\/div>\n\t\t\t\t<\/div>\n\t\t\t\t\t<\/div>\n\t\t\t\t<\/div>\n\t\t\t\t\t<\/div>\n\t\t\t\t<\/div>\n\t\t\t\t\t\t\t<\/div>\n\t\t","protected":false},"excerpt":{"rendered":"<p>ILLUSTRATIONS TRADITIONNELLES ILLUSTRATIONS NUM\u00c9RIQUES VID\u00c9OS ___________________ COUTURE ___________________ AUTRES CR\u00c9ATIONS ___________________<\/p>\n","protected":false},"author":1,"featured_media":0,"parent":0,"menu_order":0,"comment_status":"closed","ping_status":"closed","template":"","meta":{"site-sidebar-layout":"no-sidebar","site-content-layout":"page-builder","ast-global-header-display":"","ast-banner-title-visibility":"","ast-main-header-display":"","ast-hfb-above-header-display":"","ast-hfb-below-header-display":"","ast-hfb-mobile-header-display":"","site-post-title":"disabled","ast-breadcrumbs-content":"","ast-featured-img":"disabled","footer-sml-layout":"","theme-transparent-header-meta":"","adv-header-id-meta":"","stick-header-meta":"","header-above-stick-meta":"","header-main-stick-meta":"","header-below-stick-meta":"","footnotes":""},"class_list":["post-24","page","type-page","status-publish","hentry"],"_links":{"self":[{"href":"https:\/\/mellesue.com\/index.php\/wp-json\/wp\/v2\/pages\/24","targetHints":{"allow":["GET"]}}],"collection":[{"href":"https:\/\/mellesue.com\/index.php\/wp-json\/wp\/v2\/pages"}],"about":[{"href":"https:\/\/mellesue.com\/index.php\/wp-json\/wp\/v2\/types\/page"}],"author":[{"embeddable":true,"href":"https:\/\/mellesue.com\/index.php\/wp-json\/wp\/v2\/users\/1"}],"replies":[{"embeddable":true,"href":"https:\/\/mellesue.com\/index.php\/wp-json\/wp\/v2\/comments?post=24"}],"version-history":[{"count":28,"href":"https:\/\/mellesue.com\/index.php\/wp-json\/wp\/v2\/pages\/24\/revisions"}],"predecessor-version":[{"id":561,"href":"https:\/\/mellesue.com\/index.php\/wp-json\/wp\/v2\/pages\/24\/revisions\/561"}],"wp:attachment":[{"href":"https:\/\/mellesue.com\/index.php\/wp-json\/wp\/v2\/media?parent=24"}],"curies":[{"name":"wp","href":"https:\/\/api.w.org\/{rel}","templated":true}]}}