{"id":1635,"date":"2024-09-01T11:56:35","date_gmt":"2024-09-01T09:56:35","guid":{"rendered":"https:\/\/mellesue.com\/?post_type=product&#038;p=1635"},"modified":"2026-03-06T10:47:09","modified_gmt":"2026-03-06T09:47:09","slug":"carnet-a5-couverture-simili-cuir-fouchat","status":"publish","type":"product","link":"https:\/\/mellesue.com\/index.php\/produit\/carnet-a5-couverture-simili-cuir-fouchat\/","title":{"rendered":"Carnet Type A5 Couverture simili cuir Fouchat"},"content":{"rendered":"\t\t<div data-elementor-type=\"wp-post\" data-elementor-id=\"1635\" class=\"elementor elementor-1635\">\n\t\t\t\t\t\t\t<div class=\"elementor-element elementor-element-ab3e402 e-flex e-con-boxed e-con e-parent\" data-id=\"ab3e402\" data-element_type=\"container\" data-settings=\"{&quot;content_width&quot;:&quot;boxed&quot;}\" data-core-v316-plus=\"true\">\n\t\t\t\t\t<div class=\"e-con-inner\">\n\t\t\t\t<div class=\"elementor-element elementor-element-6feb622 elementor-widget elementor-widget-text-editor\" data-id=\"6feb622\" data-element_type=\"widget\" data-widget_type=\"text-editor.default\">\n\t\t\t\t<div class=\"elementor-widget-container\">\n\t\t\t<style>\/*! elementor - v3.16.0 - 20-09-2023 *\/\n.elementor-widget-text-editor.elementor-drop-cap-view-stacked .elementor-drop-cap{background-color:#69727d;color:#fff}.elementor-widget-text-editor.elementor-drop-cap-view-framed .elementor-drop-cap{color:#69727d;border:3px solid;background-color:transparent}.elementor-widget-text-editor:not(.elementor-drop-cap-view-default) .elementor-drop-cap{margin-top:8px}.elementor-widget-text-editor:not(.elementor-drop-cap-view-default) .elementor-drop-cap-letter{width:1em;height:1em}.elementor-widget-text-editor .elementor-drop-cap{float:left;text-align:center;line-height:1;font-size:50px}.elementor-widget-text-editor .elementor-drop-cap-letter{display:inline-block}<\/style>\t\t\t\t<p>Carnet Type A5 de 192 pages \/ 96 Feuilles. 210 x 135 mm .<br \/>Couverture similicuir imperm\u00e9able imprim\u00e9e.<br \/>\u00c9lastique color\u00e9 assorti pour refermer le carnet. <br \/>Ruban satin marque page coloris assortis int\u00e9gr\u00e9.<\/p>\t\t\t\t\t\t<\/div>\n\t\t\t\t<\/div>\n\t\t\t\t\t<\/div>\n\t\t\t\t<\/div>\n\t\t\t\t\t\t\t<\/div>\n\t\t","protected":false},"excerpt":{"rendered":"<p>Carnet Type A5 de 192 pages \/ 96 Feuilles. 210 x 135 mm . Couverture similicuir imperm\u00e9able imprim\u00e9e. \u00c9lastique color\u00e9 assorti pour refermer le carnet. Ruban satin marque page coloris assortis int\u00e9gr\u00e9.<\/p>\n","protected":false},"featured_media":1508,"template":"","meta":{"site-sidebar-layout":"no-sidebar","site-content-layout":"page-builder","ast-global-header-display":"","ast-banner-title-visibility":"","ast-main-header-display":"","ast-hfb-above-header-display":"","ast-hfb-below-header-display":"","ast-hfb-mobile-header-display":"","site-post-title":"disabled","ast-breadcrumbs-content":"","ast-featured-img":"disabled","footer-sml-layout":"","theme-transparent-header-meta":"default","adv-header-id-meta":"","stick-header-meta":"","header-above-stick-meta":"","header-main-stick-meta":"","header-below-stick-meta":""},"product_cat":[30,29],"product_tag":[],"class_list":["post-1635","product","type-product","status-publish","has-post-thumbnail","hentry","product_cat-livres","product_cat-prints","desktop-align-center","tablet-align-center","mobile-align-center"],"_links":{"self":[{"href":"https:\/\/mellesue.com\/index.php\/wp-json\/wp\/v2\/product\/1635","targetHints":{"allow":["GET"]}}],"collection":[{"href":"https:\/\/mellesue.com\/index.php\/wp-json\/wp\/v2\/product"}],"about":[{"href":"https:\/\/mellesue.com\/index.php\/wp-json\/wp\/v2\/types\/product"}],"version-history":[{"count":12,"href":"https:\/\/mellesue.com\/index.php\/wp-json\/wp\/v2\/product\/1635\/revisions"}],"predecessor-version":[{"id":1962,"href":"https:\/\/mellesue.com\/index.php\/wp-json\/wp\/v2\/product\/1635\/revisions\/1962"}],"wp:featuredmedia":[{"embeddable":true,"href":"https:\/\/mellesue.com\/index.php\/wp-json\/wp\/v2\/media\/1508"}],"wp:attachment":[{"href":"https:\/\/mellesue.com\/index.php\/wp-json\/wp\/v2\/media?parent=1635"}],"wp:term":[{"taxonomy":"product_cat","embeddable":true,"href":"https:\/\/mellesue.com\/index.php\/wp-json\/wp\/v2\/product_cat?post=1635"},{"taxonomy":"product_tag","embeddable":true,"href":"https:\/\/mellesue.com\/index.php\/wp-json\/wp\/v2\/product_tag?post=1635"}],"curies":[{"name":"wp","href":"https:\/\/api.w.org\/{rel}","templated":true}]}}