{"id":1733,"date":"2024-09-01T11:48:42","date_gmt":"2024-09-01T09:48:42","guid":{"rendered":"https:\/\/mellesue.com\/?post_type=product&#038;p=1733"},"modified":"2024-10-21T08:50:08","modified_gmt":"2024-10-21T06:50:08","slug":"pins-bois-horoscope-vierge","status":"publish","type":"product","link":"https:\/\/mellesue.com\/index.php\/produit\/pins-bois-horoscope-vierge\/","title":{"rendered":"Pin&#8217;s Bois &#8211; Horoscope &#8211; Vierge"},"content":{"rendered":"\t\t<div data-elementor-type=\"wp-post\" data-elementor-id=\"1733\" class=\"elementor elementor-1733\">\n\t\t\t\t\t\t\t<div class=\"elementor-element elementor-element-07121a0 e-flex e-con-boxed e-con e-parent\" data-id=\"07121a0\" data-element_type=\"container\" data-settings=\"{&quot;content_width&quot;:&quot;boxed&quot;}\" data-core-v316-plus=\"true\">\n\t\t\t\t\t<div class=\"e-con-inner\">\n\t\t\t\t<div class=\"elementor-element elementor-element-a1754f0 elementor-widget elementor-widget-text-editor\" data-id=\"a1754f0\" data-element_type=\"widget\" data-widget_type=\"text-editor.default\">\n\t\t\t\t<div class=\"elementor-widget-container\">\n\t\t\t<style>\/*! elementor - v3.16.0 - 20-09-2023 *\/\n.elementor-widget-text-editor.elementor-drop-cap-view-stacked .elementor-drop-cap{background-color:#69727d;color:#fff}.elementor-widget-text-editor.elementor-drop-cap-view-framed .elementor-drop-cap{color:#69727d;border:3px solid;background-color:transparent}.elementor-widget-text-editor:not(.elementor-drop-cap-view-default) .elementor-drop-cap{margin-top:8px}.elementor-widget-text-editor:not(.elementor-drop-cap-view-default) .elementor-drop-cap-letter{width:1em;height:1em}.elementor-widget-text-editor .elementor-drop-cap{float:left;text-align:center;line-height:1;font-size:50px}.elementor-widget-text-editor .elementor-drop-cap-letter{display:inline-block}<\/style>\t\t\t\t<p>Pin&#8217;s en volume, fait avec 3 couches de bois . Taille : 50,8mm. Impression laser . <br \/>Attache pin&#8217;s \u00e0 l&#8217;arri\u00e8re avec une \u00e9toile noire comme fermoir.<\/p>\t\t\t\t\t\t<\/div>\n\t\t\t\t<\/div>\n\t\t\t\t\t<\/div>\n\t\t\t\t<\/div>\n\t\t\t\t\t\t\t<\/div>\n\t\t","protected":false},"excerpt":{"rendered":"<p>Pin&#8217;s en volume, fait avec 3 couches de bois . Taille : 50,8mm. Impression laser . Attache pin&#8217;s \u00e0 l&#8217;arri\u00e8re avec une \u00e9toile noire comme fermoir.<\/p>\n","protected":false},"featured_media":1557,"template":"","meta":{"site-sidebar-layout":"no-sidebar","site-content-layout":"page-builder","ast-global-header-display":"","ast-banner-title-visibility":"","ast-main-header-display":"","ast-hfb-above-header-display":"","ast-hfb-below-header-display":"","ast-hfb-mobile-header-display":"","site-post-title":"disabled","ast-breadcrumbs-content":"","ast-featured-img":"disabled","footer-sml-layout":"","theme-transparent-header-meta":"default","adv-header-id-meta":"","stick-header-meta":"","header-above-stick-meta":"","header-main-stick-meta":"","header-below-stick-meta":""},"product_cat":[35,44],"product_tag":[],"class_list":["post-1733","product","type-product","status-publish","has-post-thumbnail","hentry","product_cat-goodies","product_cat-pins-goodies","desktop-align-center","tablet-align-center","mobile-align-center"],"_links":{"self":[{"href":"https:\/\/mellesue.com\/index.php\/wp-json\/wp\/v2\/product\/1733","targetHints":{"allow":["GET"]}}],"collection":[{"href":"https:\/\/mellesue.com\/index.php\/wp-json\/wp\/v2\/product"}],"about":[{"href":"https:\/\/mellesue.com\/index.php\/wp-json\/wp\/v2\/types\/product"}],"version-history":[{"count":5,"href":"https:\/\/mellesue.com\/index.php\/wp-json\/wp\/v2\/product\/1733\/revisions"}],"predecessor-version":[{"id":1805,"href":"https:\/\/mellesue.com\/index.php\/wp-json\/wp\/v2\/product\/1733\/revisions\/1805"}],"wp:featuredmedia":[{"embeddable":true,"href":"https:\/\/mellesue.com\/index.php\/wp-json\/wp\/v2\/media\/1557"}],"wp:attachment":[{"href":"https:\/\/mellesue.com\/index.php\/wp-json\/wp\/v2\/media?parent=1733"}],"wp:term":[{"taxonomy":"product_cat","embeddable":true,"href":"https:\/\/mellesue.com\/index.php\/wp-json\/wp\/v2\/product_cat?post=1733"},{"taxonomy":"product_tag","embeddable":true,"href":"https:\/\/mellesue.com\/index.php\/wp-json\/wp\/v2\/product_tag?post=1733"}],"curies":[{"name":"wp","href":"https:\/\/api.w.org\/{rel}","templated":true}]}}